{"id":33435,"date":"2025-03-02T11:00:09","date_gmt":"2025-03-02T14:00:09","guid":{"rendered":"https:\/\/automacaodascoisas.com.br\/solucoes\/auto-chat-instagram\/"},"modified":"2025-12-30T20:46:30","modified_gmt":"2025-12-30T23:46:30","slug":"auto-chat-instagram","status":"publish","type":"product","link":"https:\/\/automacaodascoisas.com.br\/en\/solucoes\/auto-chat-instagram\/","title":{"rendered":"Auto Chat Instagram"},"content":{"rendered":"<h3>AUTO-CHAT INSTAGRAM (IA)<\/h3>\n<p><strong>Auto-Chat Instagram (AI)<\/strong> is an innovative solution to automate and optimize customer service via direct messages on Instagram, using advanced artificial intelligence.<\/p>\n<p><strong>Check out the main features:<\/strong><\/p>\n<blockquote>\n<ul>\n<li>Automatic and immediate responses with AI.<\/li>\n<li>Efficient 24\/7 service, without the need for a human attendant.<\/li>\n<li>Personalized messages that reflect your brand tone.<\/li>\n<li>Extracting insights to improve marketing strategies.<\/li>\n<li>Natural interaction, without seeming robotic.<\/li>\n<li>Multiple language support for global reach.<\/li>\n<li>Smart moderation to avoid inappropriate responses.<\/li>\n<\/ul>\n<\/blockquote>\n<p>Com o <strong>Auto-Chat Instagram (IA)<\/strong>, sua empresa melhora a experi\u00eancia do cliente, economiza tempo e potencializa convers\u00f5es, transformando intera\u00e7\u00f5es no direct em oportunidades reais de vendas. <\/p>\n<p>\t\t\t\t\t\t\t\t<img loading=\"lazy\" width=\"1024\" height=\"580\" src=\"http:\/\/automacaodascoisas.com.br\/wp-content\/uploads\/2025\/03\/chat-instagram.webp\" alt=\"\" decoding=\"async\" srcset=\"http:\/\/automacaodascoisas.com.br\/wp-content\/uploads\/2025\/03\/chat-instagram.webp 1024w, http:\/\/automacaodascoisas.com.br\/wp-content\/uploads\/2025\/03\/chat-instagram-400x227.webp 400w, http:\/\/automacaodascoisas.com.br\/wp-content\/uploads\/2025\/03\/chat-instagram-768x435.webp 768w, http:\/\/automacaodascoisas.com.br\/wp-content\/uploads\/2025\/03\/chat-instagram-430x244.webp 430w, http:\/\/automacaodascoisas.com.br\/wp-content\/uploads\/2025\/03\/chat-instagram-700x396.webp 700w, http:\/\/automacaodascoisas.com.br\/wp-content\/uploads\/2025\/03\/chat-instagram-150x85.webp 150w\" sizes=\"auto, (max-width: 1024px) 100vw, 1024px\" \/><\/p>\n","protected":false},"excerpt":{"rendered":"<p data-pm-slice=\"1 1 []\">Respond to user messages sent via Instagram direct automatically using advanced Artificial Intelligence features.<\/p>\n","protected":false},"featured_media":33040,"comment_status":"open","ping_status":"closed","template":"","meta":[],"product_brand":[90],"product_cat":[242,245,243,244,246],"product_tag":[249,253,248,252,250,251],"class_list":{"0":"post-33435","1":"product","2":"type-product","3":"status-publish","4":"has-post-thumbnail","6":"product_brand-instagram","7":"product_cat-finances","8":"product_cat-health","9":"product_cat-industry","10":"product_cat-marketing","11":"product_cat-technology","12":"product_tag-ai-for-direct","13":"product_tag-artificial-intelligence-for-instagram","14":"product_tag-auto-chat-instagram-ia-en","15":"product_tag-increase-instagram-sales","16":"product_tag-instagram-ai-auto-chat","17":"product_tag-instagram-conversational-marketing","19":"first","20":"instock","21":"sale","22":"virtual","23":"purchasable","24":"product-type-simple"},"_links":{"self":[{"href":"https:\/\/automacaodascoisas.com.br\/en\/wp-json\/wp\/v2\/product\/33435","targetHints":{"allow":["GET"]}}],"collection":[{"href":"https:\/\/automacaodascoisas.com.br\/en\/wp-json\/wp\/v2\/product"}],"about":[{"href":"https:\/\/automacaodascoisas.com.br\/en\/wp-json\/wp\/v2\/types\/product"}],"replies":[{"embeddable":true,"href":"https:\/\/automacaodascoisas.com.br\/en\/wp-json\/wp\/v2\/comments?post=33435"}],"wp:featuredmedia":[{"embeddable":true,"href":"https:\/\/automacaodascoisas.com.br\/en\/wp-json\/wp\/v2\/media\/33040"}],"wp:attachment":[{"href":"https:\/\/automacaodascoisas.com.br\/en\/wp-json\/wp\/v2\/media?parent=33435"}],"wp:term":[{"taxonomy":"product_brand","embeddable":true,"href":"https:\/\/automacaodascoisas.com.br\/en\/wp-json\/wp\/v2\/product_brand?post=33435"},{"taxonomy":"product_cat","embeddable":true,"href":"https:\/\/automacaodascoisas.com.br\/en\/wp-json\/wp\/v2\/product_cat?post=33435"},{"taxonomy":"product_tag","embeddable":true,"href":"https:\/\/automacaodascoisas.com.br\/en\/wp-json\/wp\/v2\/product_tag?post=33435"}],"curies":[{"name":"wp","href":"https:\/\/api.w.org\/{rel}","templated":true}]}}